{"id":10409,"date":"2023-07-09T14:39:28","date_gmt":"2023-07-09T14:39:28","guid":{"rendered":"https:\/\/devsedu.softatomic.com\/?page_id=10409"},"modified":"2025-09-04T11:16:26","modified_gmt":"2025-09-04T09:16:26","slug":"comentarios","status":"publish","type":"page","link":"https:\/\/cretos-grupo.com\/fr\/comentarios\/","title":{"rendered":"Comentarios de los clientes"},"content":{"rendered":"<div data-elementor-type=\"wp-page\" data-elementor-id=\"10409\" class=\"elementor elementor-10409\">\n\t\t\t\t<div class=\"elementor-element elementor-element-f2228d2 e-flex e-con-boxed e-con e-parent\" data-id=\"f2228d2\" data-element_type=\"container\">\n\t\t\t\t\t<div class=\"e-con-inner\">\n\t\t\t\t<div class=\"elementor-element elementor-element-2d18631 elementor-widget elementor-widget-spacer\" data-id=\"2d18631\" data-element_type=\"widget\" data-widget_type=\"spacer.default\">\n\t\t\t\t<div class=\"elementor-widget-container\">\n\t\t\t\t\t\t\t<div class=\"elementor-spacer\">\n\t\t\t<div class=\"elementor-spacer-inner\"><\/div>\n\t\t<\/div>\n\t\t\t\t\t\t<\/div>\n\t\t\t\t<\/div>\n\t\t\t\t\t<\/div>\n\t\t\t\t<\/div>\n\t\t<div class=\"elementor-element elementor-element-e65e2a1 e-flex e-con-boxed e-con e-parent\" data-id=\"e65e2a1\" data-element_type=\"container\">\n\t\t\t\t\t<div class=\"e-con-inner\">\n\t\t\t\t<div class=\"elementor-element elementor-element-5bbe7c7 elementor-widget elementor-widget-edublink-testimonial\" data-id=\"5bbe7c7\" data-element_type=\"widget\" data-widget_type=\"edublink-testimonial.default\">\n\t\t\t\t<div class=\"elementor-widget-container\">\n\t\t\t\t\t<div class=\"eb-testimonial-wrapper eb-testimonial-wrapper-style-card-1\"><div class=\"eb-testimonial eb-testimonial-style-card-1\"><div class=\"testimonial-card-wrapper\"><div class=\"testimonial-card-item\"><div class=\"eb-testimonial-item elementor-repeater-item-76ca1dd\"><div class=\"eb-testimonial-slide\"><div class=\"content\"><div class=\"rating-icon\"><i class=\"icon-23\"><\/i><i class=\"icon-23\"><\/i><i class=\"icon-23\"><\/i><i class=\"icon-23\"><\/i><i class=\"icon-23\"><\/i><\/div><p class=\"description\">\"Necesitaba un pr\u00e9stamo personal para reformar mi casa y me sorprendi\u00f3 gratamente la rapidez con la que se tramit\u00f3 mi solicitud. En menos de 24 horas recib\u00ed una oferta adaptada a mis necesidades. Estoy muy satisfecho con el apoyo que he recibido\".<\/p><div class=\"author-info\"><div class=\"info\"><h5 class=\"title\">Anna<\/h5><\/div><\/div><\/div><\/div><\/div><\/div><div class=\"testimonial-card-item\"><div class=\"eb-testimonial-item elementor-repeater-item-f39b7d1\"><div class=\"eb-testimonial-slide\"><div class=\"content\"><div class=\"rating-icon\"><i class=\"icon-23\"><\/i><i class=\"icon-23\"><\/i><i class=\"icon-23\"><\/i><i class=\"icon-23\"><\/i><i class=\"icon-23\"><\/i><\/div><p class=\"description\">\"Compar\u00e9 varias ofertas antes de presentar mi candidatura, y la de Cretos Grupo fue la mejor. Lo que realmente me convenci\u00f3 fue la transparencia de la informaci\u00f3n y el apoyo constante de su equipo. Los recomendar\u00eda sin dudarlo\".<\/p><div class=\"author-info\"><div class=\"info\"><h5 class=\"title\">Maria<\/h5><\/div><\/div><\/div><\/div><\/div><\/div><div class=\"testimonial-card-item\"><div class=\"eb-testimonial-item elementor-repeater-item-4015e78\"><div class=\"eb-testimonial-slide\"><div class=\"content\"><div class=\"rating-icon\"><i class=\"icon-23\"><\/i><i class=\"icon-23\"><\/i><i class=\"icon-23\"><\/i><i class=\"icon-23\"><\/i><i class=\"icon-23\"><\/i><\/div><p class=\"description\">\"Comprar mi primera casa era un sue\u00f1o, pero tambi\u00e9n un quebradero de cabeza financiero. Gracias a Cretos Grupos, pude conseguir una hipoteca con un gran tipo fijo, y todo el equipo me ayud\u00f3 a entender cada paso del camino. Por fin me siento como en casa\".<\/p><div class=\"author-info\"><div class=\"info\"><h5 class=\"title\">Raul<\/h5><span class=\"subtitle\"> Caroline R., Zuric<\/span><\/div><\/div><\/div><\/div><\/div><\/div><div class=\"testimonial-card-item\"><div class=\"eb-testimonial-item elementor-repeater-item-849f7a6\"><div class=\"eb-testimonial-slide\"><div class=\"content\"><div class=\"rating-icon\"><i class=\"icon-23\"><\/i><i class=\"icon-23\"><\/i><i class=\"icon-23\"><\/i><i class=\"icon-23\"><\/i><i class=\"icon-23\"><\/i><\/div><p class=\"description\">\"Como aut\u00f3nomo, a menudo es dif\u00edcil encontrar un pr\u00e9stamo adecuado. Gracias a Cretos Grupo pude obtener la financiaci\u00f3n que necesitaba para desarrollar mi negocio. El equipo escuch\u00f3 mis necesidades espec\u00edficas y fue capaz de orientarme eficazmente.\"<\/p><div class=\"author-info\"><div class=\"info\"><h5 class=\"title\">Thomas<\/h5><\/div><\/div><\/div><\/div><\/div><\/div><div class=\"testimonial-card-item\"><div class=\"eb-testimonial-item elementor-repeater-item-9e88a68\"><div class=\"eb-testimonial-slide\"><div class=\"content\"><div class=\"rating-icon\"><i class=\"icon-23\"><\/i><i class=\"icon-23\"><\/i><i class=\"icon-23\"><\/i><i class=\"icon-23\"><\/i><i class=\"icon-23\"><\/i><\/div><p class=\"description\">\"Tuve una situaci\u00f3n imprevista con la p\u00e9rdida de un trabajo y tuve que reestructurar mi cr\u00e9dito. Gracias a ustedes pude combinar mis pr\u00e9stamos y reducir mis pagos mensuales. \u00a1Fue como un soplo de aire fresco!<\/p><div class=\"author-info\"><div class=\"info\"><h5 class=\"title\">Sophia<\/h5><\/div><\/div><\/div><\/div><\/div><\/div><\/div><\/div><\/div>\t\t\t\t<\/div>\n\t\t\t\t<\/div>\n\t\t\t\t\t<\/div>\n\t\t\t\t<\/div>\n\t\t<div class=\"elementor-element elementor-element-21745ff e-flex e-con-boxed e-con e-parent\" data-id=\"21745ff\" data-element_type=\"container\">\n\t\t\t\t\t<div class=\"e-con-inner\">\n\t\t\t\t<div class=\"elementor-element elementor-element-26c15a8 elementor-invisible elementor-widget elementor-widget-edublink-button\" data-id=\"26c15a8\" data-element_type=\"widget\" data-settings=\"{&quot;_animation&quot;:&quot;edublink--slide-up&quot;,&quot;_animation_delay&quot;:160}\" data-widget_type=\"edublink-button.default\">\n\t\t\t\t<div class=\"elementor-widget-container\">\n\t\t\t\t\t<div class=\"edublink-button-widget-wrapper\"><a class=\"edublink-button-item edublink-button-style-default edublink-button-size-large edublink-button-icon-position-after default-style\" href=\"https:\/\/cretos-grupo.com\/fr\/demande\/\">Demander un cr\u00e9dit<i class=\"icon-4\"><\/i><\/a><\/div>\t\t\t\t<\/div>\n\t\t\t\t<\/div>\n\t\t\t\t\t<\/div>\n\t\t\t\t<\/div>\n\t\t\t\t<\/div>","protected":false},"excerpt":{"rendered":"<p>&#8220;Necesitaba un pr\u00e9stamo personal para reformar mi casa y me sorprendi\u00f3 gratamente la rapidez con la que se tramit\u00f3 mi&#8230;<\/p>","protected":false},"author":1,"featured_media":0,"parent":0,"menu_order":0,"comment_status":"closed","ping_status":"closed","template":"","meta":{"footnotes":""},"class_list":["post-10409","page","type-page","status-publish","hentry"],"_links":{"self":[{"href":"https:\/\/cretos-grupo.com\/fr\/wp-json\/wp\/v2\/pages\/10409","targetHints":{"allow":["GET"]}}],"collection":[{"href":"https:\/\/cretos-grupo.com\/fr\/wp-json\/wp\/v2\/pages"}],"about":[{"href":"https:\/\/cretos-grupo.com\/fr\/wp-json\/wp\/v2\/types\/page"}],"author":[{"embeddable":true,"href":"https:\/\/cretos-grupo.com\/fr\/wp-json\/wp\/v2\/users\/1"}],"replies":[{"embeddable":true,"href":"https:\/\/cretos-grupo.com\/fr\/wp-json\/wp\/v2\/comments?post=10409"}],"version-history":[{"count":24,"href":"https:\/\/cretos-grupo.com\/fr\/wp-json\/wp\/v2\/pages\/10409\/revisions"}],"predecessor-version":[{"id":22422,"href":"https:\/\/cretos-grupo.com\/fr\/wp-json\/wp\/v2\/pages\/10409\/revisions\/22422"}],"wp:attachment":[{"href":"https:\/\/cretos-grupo.com\/fr\/wp-json\/wp\/v2\/media?parent=10409"}],"curies":[{"name":"wp","href":"https:\/\/api.w.org\/{rel}","templated":true}]}}